{"id":16,"date":"2023-05-08T11:57:54","date_gmt":"2023-05-08T09:57:54","guid":{"rendered":"http:\/\/strefalektur.eu\/?page_id=16"},"modified":"2023-05-08T17:55:03","modified_gmt":"2023-05-08T15:55:03","slug":"strona-glowna","status":"publish","type":"page","link":"https:\/\/strefalektur.eu\/","title":{"rendered":"Strona G\u0142\u00f3wna"},"content":{"rendered":"\n<p><strong>Strefa Lektur<\/strong> zosta\u0142a stworzona po to, by wesprze\u0107 edukacj\u0119 w sferze literatury przez zawodowych artyst\u00f3w (tw\u00f3rc\u00f3w filmu i teatru). G\u0142\u00f3wnym celem przedsi\u0119wzi\u0119cia jest przede wszystkim pr\u00f3ba oswojenia m\u0142odych ludzi z trudnym dla nich do zinterpretowania tekstem literackim. Wszystkie lektury zosta\u0142y nagrane w naturalnej scenografii adekwatnej do tre\u015bci oraz z wykorzystaniem stroj\u00f3w nawi\u0105zuj\u0105cych do tre\u015bci i konkretnej epoki.<\/p>\n\n\n\n<p><em>Lektura szkolna \u2013 utw\u00f3r literacki lub inny utw\u00f3r kultury obj\u0119ty wykazem lektur zawartym w aktualnym rozporz\u0105dzeniu Ministra Edukacji i Nauki. Do obowi\u0105zuj\u0105cych rodzaj\u00f3w lektur zalicza si\u0119 m.in. powie\u015b\u0107, opowiadanie, wiersz, dziennik, list, a tak\u017ce przyk\u0142ad czasopisma, publicystyki, tekstu informacyjnego i reklamowego.<\/em><\/p>\n","protected":false},"excerpt":{"rendered":"<p>Strefa Lektur zosta\u0142a stworzona po to, by wesprze\u0107 edukacj\u0119 w sferze literatury przez zawodowych artyst\u00f3w (tw\u00f3rc\u00f3w filmu i teatru). G\u0142\u00f3wnym celem przedsi\u0119wzi\u0119cia jest przede wszystkim pr\u00f3ba oswojenia m\u0142odych ludzi z trudnym dla nich do zinterpretowania tekstem literackim. Wszystkie lektury zosta\u0142y nagrane w naturalnej scenografii adekwatnej do tre\u015bci oraz z wykorzystaniem stroj\u00f3w nawi\u0105zuj\u0105cych do tre\u015bci i konkretnej epoki. Lektura szkolna \u2013 utw\u00f3r literacki lub inny utw\u00f3r kultury obj\u0119ty wykazem lektur zawartym w aktualnym rozporz\u0105dzeniu Ministra Edukacji i Nauki. Do obowi\u0105zuj\u0105cych rodzaj\u00f3w lektur zalicza si\u0119 m.in. powie\u015b\u0107, opowiadanie, wiersz, dziennik, list, a tak\u017ce przyk\u0142ad czasopisma, publicystyki, tekstu informacyjnego i reklamowego.<\/p>\n","protected":false},"author":1,"featured_media":0,"parent":0,"menu_order":0,"comment_status":"closed","ping_status":"closed","template":"","meta":{"_uag_custom_page_level_css":"","ngg_post_thumbnail":0,"footnotes":""},"class_list":["post-16","page","type-page","status-publish","hentry"],"uagb_featured_image_src":{"full":false,"thumbnail":false,"medium":false,"medium_large":false,"large":false,"1536x1536":false,"2048x2048":false,"ashe-slider-full-thumbnail":false,"ashe-full-thumbnail":false,"ashe-list-thumbnail":false,"ashe-grid-thumbnail":false,"ashe-single-navigation":false},"uagb_author_info":{"display_name":"admin","author_link":"https:\/\/strefalektur.eu\/index.php\/author\/admin\/"},"uagb_comment_info":0,"uagb_excerpt":"Strefa Lektur zosta\u0142a stworzona po to, by wesprze\u0107 edukacj\u0119 w sferze literatury przez zawodowych artyst\u00f3w (tw\u00f3rc\u00f3w filmu i teatru). G\u0142\u00f3wnym celem przedsi\u0119wzi\u0119cia jest przede wszystkim pr\u00f3ba oswojenia m\u0142odych ludzi z trudnym dla nich do zinterpretowania tekstem literackim. Wszystkie lektury zosta\u0142y nagrane w naturalnej scenografii adekwatnej do tre\u015bci oraz z wykorzystaniem stroj\u00f3w nawi\u0105zuj\u0105cych do tre\u015bci i&hellip;","_links":{"self":[{"href":"https:\/\/strefalektur.eu\/index.php\/wp-json\/wp\/v2\/pages\/16","targetHints":{"allow":["GET"]}}],"collection":[{"href":"https:\/\/strefalektur.eu\/index.php\/wp-json\/wp\/v2\/pages"}],"about":[{"href":"https:\/\/strefalektur.eu\/index.php\/wp-json\/wp\/v2\/types\/page"}],"author":[{"embeddable":true,"href":"https:\/\/strefalektur.eu\/index.php\/wp-json\/wp\/v2\/users\/1"}],"replies":[{"embeddable":true,"href":"https:\/\/strefalektur.eu\/index.php\/wp-json\/wp\/v2\/comments?post=16"}],"version-history":[{"count":2,"href":"https:\/\/strefalektur.eu\/index.php\/wp-json\/wp\/v2\/pages\/16\/revisions"}],"predecessor-version":[{"id":106,"href":"https:\/\/strefalektur.eu\/index.php\/wp-json\/wp\/v2\/pages\/16\/revisions\/106"}],"wp:attachment":[{"href":"https:\/\/strefalektur.eu\/index.php\/wp-json\/wp\/v2\/media?parent=16"}],"curies":[{"name":"wp","href":"https:\/\/api.w.org\/{rel}","templated":true}]}}